{"id":16,"date":"2014-04-02T21:08:19","date_gmt":"2014-04-02T21:08:19","guid":{"rendered":"http:\/\/acreditacion.upra.edu\/?page_id=16"},"modified":"2025-04-15T18:52:35","modified_gmt":"2025-04-15T18:52:35","slug":"documentos-upra","status":"publish","type":"page","link":"https:\/\/acreditacion.upra.edu\/?page_id=16","title":{"rendered":"Reacreditaci\u00f3n 2025 \/ Reaccreditation 2025"},"content":{"rendered":"<p><img fetchpriority=\"high\" decoding=\"async\" class=\"size-full wp-image-776 aligncenter\" src=\"http:\/\/acreditacion.upra.edu\/wp-content\/uploads\/2023\/03\/Banner-para-acreditacion.jpg\" alt=\"\" width=\"1584\" height=\"396\" \/><\/p>\n<table style=\"width: 100%; border-collapse: collapse; border-color: #f6eb27; background-color: #ffffff;\" bgcolor=\"#FFF1C6\">\n<tbody>\n<tr>\n<td style=\"width: 100%;\">En el 2016, la Universidad de Puerto en Arecibo concluy\u00f3 su proceso para reafirmar la acreditaci\u00f3n durante el per\u00edodo del 17 al 20 de abril de 2016. El Comit\u00e9 de visita de la MSCHE indic\u00f3 en su informe preliminar de salida que UPRA cumple con todos los est\u00e1ndares de excelencia requeridos.<\/p>\n<p>En este informe los evaluadores concluyeron lo siguiente:<\/p>\n<ul>\n<li>Ocho asuntos se destacaron como encomiables (<em>Comendables<\/em>): est\u00e1ndares 3, 6, 8, 9 y 10.<\/li>\n<li>Cuatro asuntos fueron resaltados como logros significativos\u00a0(<em>Significant\u00a0\u00a0Accomplishment)<\/em> en los est\u00e1ndares: 7, 9, 12 y 14.<\/li>\n<\/ul>\n<p>Es importante mencionar que no hubo ning\u00fan requerimiento. En adici\u00f3n, se incluyeron al menos, cinco sugerencias y recomendaciones.<\/p>\n<p>&nbsp;<\/p>\n<p>En enero de 2022, comenz\u00f3 el proceso de reafirmaci\u00f3n de la acreditaci\u00f3n. Durante el 6 al 9 de abril recibimos vita del comit\u00e9 evaluador.<\/p>\n<ul style=\"list-style-type: disc;\">\n<li><span style=\"text-decoration: underline;\"><em><a href=\"https:\/\/acrobat.adobe.com\/id\/urn:aaid:sc:US:de45f189-97d6-4362-b3b4-dc4509274f84\" target=\"_blank\" rel=\"noopener\">Statement of Accreditation Status<\/a><\/em><\/span><\/li>\n<li><span style=\"text-decoration: underline;\"><em><a href=\"https:\/\/acrobat.adobe.com\/id\/urn:aaid:sc:US:d171c658-1c4a-4be0-95dc-9d30d356c73a\" target=\"_blank\" rel=\"noopener\">Comit\u00e9 Tim\u00f3n y Subcomit\u00e9s<\/a><\/em><\/span><\/li>\n<li><span style=\"text-decoration: underline;\"><em><a href=\"https:\/\/acrobat.adobe.com\/id\/urn:aaid:sc:US:a47e235c-cf6d-4998-9eb7-25769c0cc39f\">Est\u00e1ndares de la Middle States Commission on Higher Education<\/a><\/em><\/span><\/li>\n<li><span style=\"text-decoration: underline;\"><em>Inventario de documentos que deben estar disponibles en:<\/em><\/span><\/li>\n<\/ul>\n<ul>\n<li style=\"list-style-type: none;\">\n<ul style=\"list-style-type: square;\">\n<li><a href=\"https:\/\/acrobat.adobe.com\/id\/urn:aaid:sc:US:996c850d-3c16-47a7-a010-033d24452612\">Departamentos Acad\u00e9micos<\/a><\/li>\n<li><a href=\"https:\/\/acrobat.adobe.com\/id\/urn:aaid:sc:US:04451723-3729-43c7-84c0-214fd5f49106\">Oficinas de Servicio al Estudiante<\/a><\/li>\n<li><a href=\"https:\/\/acrobat.adobe.com\/id\/urn:aaid:sc:US:3220e8ea-6266-48e6-bd45-2332a85f404e\">Planta F\u00edsica<\/a><\/li>\n<\/ul>\n<\/li>\n<\/ul>\n<p>Otros documentos relacionados a los procesos de Acreditaci\u00f3n:<\/p>\n<ul>\n<li><span style=\"text-decoration: underline;\"><em><a href=\"https:\/\/docs.upra.edu\/academico\/pdf\/Tabla_Acreditaciones_AE_MSCHE_2025.pdf\" target=\"_blank\" rel=\"noopener\">Programas Acreditados en UPRA<\/a><\/em><\/span><strong><a href=\"\/wp-content\/uploads\/2014\/09\/Programs-accredited-2013.pdf\" target=\"_blank\" rel=\"noopener\"><br \/>\n<\/a><\/strong><\/li>\n<\/ul>\n<\/td>\n<\/tr>\n<\/tbody>\n<\/table>\n<p>&nbsp;<\/p>\n<p><strong>\u00a0<\/strong><\/p>\n","protected":false},"excerpt":{"rendered":"<p>En el 2016, la Universidad de Puerto en Arecibo concluy\u00f3 su proceso para reafirmar la acreditaci\u00f3n durante el per\u00edodo del [&hellip;]<\/p>\n","protected":false},"author":4,"featured_media":0,"parent":0,"menu_order":4,"comment_status":"closed","ping_status":"closed","template":"","meta":{"site-sidebar-layout":"default","site-content-layout":"","ast-site-content-layout":"default","site-content-style":"default","site-sidebar-style":"default","ast-global-header-display":"","ast-banner-title-visibility":"","ast-main-header-display":"","ast-hfb-above-header-display":"","ast-hfb-below-header-display":"","ast-hfb-mobile-header-display":"","site-post-title":"","ast-breadcrumbs-content":"","ast-featured-img":"","footer-sml-layout":"","theme-transparent-header-meta":"default","adv-header-id-meta":"","stick-header-meta":"","header-above-stick-meta":"","header-main-stick-meta":"","header-below-stick-meta":"","astra-migrate-meta-layouts":"set","ast-page-background-enabled":"default","ast-page-background-meta":{"desktop":{"background-color":"var(--ast-global-color-5)","background-image":"","background-repeat":"repeat","background-position":"center center","background-size":"auto","background-attachment":"scroll","background-type":"","background-media":"","overlay-type":"","overlay-color":"","overlay-opacity":"","overlay-gradient":""},"tablet":{"background-color":"","background-image":"","background-repeat":"repeat","background-position":"center center","background-size":"auto","background-attachment":"scroll","background-type":"","background-media":"","overlay-type":"","overlay-color":"","overlay-opacity":"","overlay-gradient":""},"mobile":{"background-color":"","background-image":"","background-repeat":"repeat","background-position":"center center","background-size":"auto","background-attachment":"scroll","background-type":"","background-media":"","overlay-type":"","overlay-color":"","overlay-opacity":"","overlay-gradient":""}},"ast-content-background-meta":{"desktop":{"background-color":"var(--ast-global-color-4)","background-image":"","background-repeat":"repeat","background-position":"center center","background-size":"auto","background-attachment":"scroll","background-type":"","background-media":"","overlay-type":"","overlay-color":"","overlay-opacity":"","overlay-gradient":""},"tablet":{"background-color":"var(--ast-global-color-4)","background-image":"","background-repeat":"repeat","background-position":"center center","background-size":"auto","background-attachment":"scroll","background-type":"","background-media":"","overlay-type":"","overlay-color":"","overlay-opacity":"","overlay-gradient":""},"mobile":{"background-color":"var(--ast-global-color-4)","background-image":"","background-repeat":"repeat","background-position":"center center","background-size":"auto","background-attachment":"scroll","background-type":"","background-media":"","overlay-type":"","overlay-color":"","overlay-opacity":"","overlay-gradient":""}},"footnotes":""},"class_list":["post-16","page","type-page","status-publish","hentry"],"featured_image_src":"","featured_image_src_square":false,"rbea_author_info":{"display_name":"Acreditaci\u00f3n UPRA","author_link":"https:\/\/acreditacion.upra.edu\/?author=4"},"rbea_excerpt_info":"En el 2016, la Universidad de Puerto en Arecibo concluy\u00f3 su proceso para reafirmar la acreditaci\u00f3n durante el per\u00edodo del [&hellip;]","_links":{"self":[{"href":"https:\/\/acreditacion.upra.edu\/index.php?rest_route=\/wp\/v2\/pages\/16","targetHints":{"allow":["GET"]}}],"collection":[{"href":"https:\/\/acreditacion.upra.edu\/index.php?rest_route=\/wp\/v2\/pages"}],"about":[{"href":"https:\/\/acreditacion.upra.edu\/index.php?rest_route=\/wp\/v2\/types\/page"}],"author":[{"embeddable":true,"href":"https:\/\/acreditacion.upra.edu\/index.php?rest_route=\/wp\/v2\/users\/4"}],"replies":[{"embeddable":true,"href":"https:\/\/acreditacion.upra.edu\/index.php?rest_route=%2Fwp%2Fv2%2Fcomments&post=16"}],"version-history":[{"count":66,"href":"https:\/\/acreditacion.upra.edu\/index.php?rest_route=\/wp\/v2\/pages\/16\/revisions"}],"predecessor-version":[{"id":1158,"href":"https:\/\/acreditacion.upra.edu\/index.php?rest_route=\/wp\/v2\/pages\/16\/revisions\/1158"}],"wp:attachment":[{"href":"https:\/\/acreditacion.upra.edu\/index.php?rest_route=%2Fwp%2Fv2%2Fmedia&parent=16"}],"curies":[{"name":"wp","href":"https:\/\/api.w.org\/{rel}","templated":true}]}}