{"id":18,"date":"2014-04-02T21:08:33","date_gmt":"2014-04-02T21:08:33","guid":{"rendered":"http:\/\/acreditacion.upra.edu\/?page_id=18"},"modified":"2025-04-15T18:51:24","modified_gmt":"2025-04-15T18:51:24","slug":"divulgacion","status":"publish","type":"page","link":"https:\/\/acreditacion.upra.edu\/?page_id=18","title":{"rendered":"Divulgaci\u00f3n\/ Dissemination"},"content":{"rendered":"<p>&nbsp;<\/p>\n<table style=\"width: 100%; border-collapse: collapse; border-color: #f6eb27; background-color: #ffffff;\" bgcolor=\"#FFF1C6\">\n<tbody>\n<tr>\n<td style=\"width: 100%;\"><strong><a href=\"https:\/\/docs.upra.edu\/opei\/pdf\/acreditacion\/Self-Study_Design_March_28_2023_final.pdf\" target=\"_blank\" rel=\"noopener\">Middle Staes Commission on Higher Education<\/a><\/strong><\/p>\n<p><strong><a href=\"https:\/\/acrobat.adobe.com\/id\/urn:aaid:sc:us:1df50e15-5878-4278-a400-5e8e1c08e16d\" target=\"_blank\" rel=\"noopener\">Licencia Consejo de Educaci\u00f3n de Puerto Rico (CEPR) 2023-116<\/a><\/strong><\/p>\n<p style=\"text-align: left;\">Op\u00fasculo:\u00a0<a href=\"https:\/\/acrobat.adobe.com\/id\/urn:aaid:sc:us:21195fb9-4a03-438f-981e-a25b8d31f8c5\" target=\"_blank\" rel=\"noopener\">La Acreditaci\u00f3n Institucional y MSCHE<\/a><\/p>\n<p>Bolet\u00edn infromativo: <a href=\"https:\/\/acrobat.adobe.com\/id\/urn:aaid:sc:US:191d6ab1-c077-44d7-861f-7aa4bb259236\">Proceso de Acreditaci\u00f3n en UPRA<\/a><\/p>\n<p><a href=\"http:\/\/acreditacion.upra.edu\/wp-content\/uploads\/2014\/04\/paw.jpg\"><img decoding=\"async\" class=\"wp-image-118 alignright\" src=\"http:\/\/acreditacion.upra.edu\/wp-content\/uploads\/2014\/04\/paw.jpg\" alt=\"paw\" width=\"157\" height=\"157\" srcset=\"https:\/\/acreditacion.upra.edu\/wp-content\/uploads\/2014\/04\/paw.jpg 300w, https:\/\/acreditacion.upra.edu\/wp-content\/uploads\/2014\/04\/paw-150x150.jpg 150w\" sizes=\"(max-width: 157px) 100vw, 157px\" \/><\/a><\/p>\n<p><span style=\"font-size: 18pt;\"><strong>Presentaci\u00f3n:\u00a0<\/strong><\/span><\/p>\n<ul>\n<li style=\"font-size: 16px;\"><a style=\"font-size: 16px; transition-property: all; color: #3a3a3a;\" href=\"https:\/\/acrobat.adobe.com\/id\/urn:aaid:sc:US:13de577b-d3d1-47dc-a385-bec24747109b\">MSCHE: The Race is On (marzo,2023)<\/a><\/li>\n<li><a href=\"https:\/\/repositorio.upra.edu\/pdf\/avaluo_en_los_estandares_de_excelencia_msche.pdf\" target=\"_blank\" rel=\"noopener\">Actividad de Aval\u00fao 2018: Aval\u00fao en los Est\u00e1ndares de Excelencia de MSCHE<\/a><\/li>\n<li><a href=\"\/wp-content\/uploads\/2015\/03\/ppt-para-la-act.asoc_.-est-1.pdf\" target=\"_blank\" rel=\"noopener\">Actividad de Divulgaci\u00f3n con las Asociaciones Estudiantiles\u00a0(febrero, 2015)<\/a><\/li>\n<li><a href=\"\/wp-content\/uploads\/2014\/04\/taller-orientaci\u00f3n__acreditaci\u00f3n_aval\u00fao_inst_e_inf_anual.pdf\" target=\"_blank\" rel=\"noopener\">Orientaci\u00f3n Acreditaci\u00f3n, Aval\u00fao Institucional e Informe Anual\u00a0(mayo, 2013)<\/a><\/li>\n<\/ul>\n<p><span style=\"font-size: 18pt;\"><strong>Cartas a la comunidad sobre informes de MSCHE:\u00a0<\/strong><\/span><\/p>\n<p><strong>2025<\/strong><\/p>\n<ul>\n<li style=\"font-size: 16px;\"><a style=\"font-size: 16px; transition-property: all; color: #3a3a3a;\" href=\"https:\/\/acrobat.adobe.com\/id\/urn:aaid:sc:US:ed551d80-7b12-403f-8e19-f96c1a5a31cc\">Autoestudio en la Sala de Referencia &#8211; Biblioteca<\/a><\/li>\n<li><a href=\"https:\/\/acrobat.adobe.com\/id\/urn:aaid:sc:US:83c0a409-3af2-47fa-957b-bc0b71a18e97\">Divulgaci\u00f3n sobre Autoestudio MSCHE<\/a><\/li>\n<li><a href=\"https:\/\/acrobat.adobe.com\/id\/urn:aaid:sc:US:fef464bb-c1ea-4e77-9203-26e4a7ead273\">MSCHE Preliminary Visit to UPRA<\/a><\/li>\n<li><a href=\"https:\/\/repositorio.upra.edu\/pdf\/msche_third_party_comments_procedures.pdf\">Procedimiento para Someter Comentarios a la Comisi\u00f3n sobre Autoestudio (Third Party Comments Procedure)<\/a><\/li>\n<li><a href=\"https:\/\/repositorio.upra.edu\/pdf\/msche_third_party_policy.pdf\">Third Party Policy MSCHE<\/a><\/li>\n<li><a href=\"https:\/\/www.tfaforms.com\/4722661\">Formulario para Comentarios MSCHE (Complaints and Third-Party Comments Form<\/a><\/li>\n<\/ul>\n<p><strong>2017<\/strong><\/p>\n<ul>\n<li><a href=\"https:\/\/repositorio.upra.edu\/pdf\/2017_letter_station_probation.pdf\" target=\"_blank\" rel=\"noopener\">Letter Placing UPRA on Probation<\/a><\/li>\n<li><a href=\"\/wp-content\/uploads\/2017\/05\/SUPPLEMENTAL-INFORMATION-REPORT-MSCHE-MAY-5-2017.pdf\" target=\"_blank\" rel=\"noopener\">Supplemental Information Report MSCHE, (May 5, 2017)<\/a><\/li>\n<\/ul>\n<p><strong>2016<\/strong><\/p>\n<ul>\n<li><a href=\"https:\/\/repositorio.upra.edu\/pdf\/2016_mche_team_report_visti.pdf\" target=\"_blank\" rel=\"noopener\">Final Team Report<\/a><\/li>\n<\/ul>\n<p><strong>2014<\/strong><\/p>\n<ul>\n<li><a href=\"\/wp-content\/uploads\/2014\/10\/Actividad-de-Divulgaci\u00f3n-al-personal-docente.pdf\" target=\"_blank\" rel=\"noopener\">Actividad de Divulgaci\u00f3n al Personal Docente<\/a><\/li>\n<li><a href=\"\/wp-content\/uploads\/2014\/06\/visita_dr_tito_guerrero_vice_msche1.pdf\" target=\"_blank\" rel=\"noopener\">Convocatoria: Visita del Dr. Tito Guerrero<\/a><\/li>\n<li><a href=\"http:\/\/docs.upra.edu\/opei\/pdf\/planificacion\/Cert.Num.2013-14-13.pdf\" target=\"_blank\" rel=\"noopener\">Certificaci\u00f3n sobre la enmienda a la misi\u00f3n de UPRA<\/a><\/li>\n<li><a href=\"\/wp-content\/uploads\/2014\/08\/216653912-Carta-Monitoring-Report0001.pdf\" target=\"_blank\" rel=\"noopener\">Carta donde MSCHE solicita el Infome de Monitoreo sobre auditoria externa para abril 2014<\/a><\/li>\n<li><a href=\"\/wp-content\/uploads\/2014\/01\/Designaci%C3%B3n-Task-Force-UPRA-Monitoring-Report-1.pdf\" target=\"_blank\" rel=\"noopener\">Designaci\u00f3n Task Force UPRA Monitoring Report<\/a><\/li>\n<\/ul>\n<p><strong>2012<\/strong><\/p>\n<ul>\n<li><a href=\"\/wp-content\/uploads\/2012\/09\/Proceso-Seguimiento-MSCHE2.png\" target=\"_blank\" rel=\"noopener\">Carta sobre la exitosa culminaci\u00f3n del seguimiento de MSCHE julio 2012<\/a><\/li>\n<\/ul>\n<p><strong>2011<\/strong><\/p>\n<ul>\n<li><a href=\"\/wp-content\/uploads\/2012\/02\/Carta_Accion_de_MSCHE_la_comunidad_universitaria_agosto-2011.pdf\" target=\"_blank\" rel=\"noopener\">Carta acci\u00f3n de MSCHE a la comunidad universitaria agosto 2011<\/a><\/li>\n<li><a href=\"\/wp-content\/uploads\/2012\/02\/Carta_Designacion_Task_Force-enero-2011.pdf\" target=\"_blank\" rel=\"noopener\">Carta designaci\u00f3n Task Force enero 2011<\/a><\/li>\n<li><a href=\"\/wp-content\/uploads\/2012\/02\/Designaci%C3%B3n-Task-Force-UPRA.pdf\" target=\"_blank\" rel=\"noopener\">Carta designaci\u00f3n Task Force noviembre 2011<\/a><\/li>\n<\/ul>\n<p><strong>2010<\/strong><\/p>\n<ul>\n<li><a href=\"\/wp-content\/uploads\/2012\/02\/Carta_Accion_de_MSCHE_la_comunidad_universitaria_Diciembre_2010.pdf\" target=\"_blank\" rel=\"noopener\">Carta\u00a0acci\u00f3n\u00a0de MSCHE a \u00a0la comunidad universitaria diciembre 2010<\/a><\/li>\n<li><a href=\"\/wp-content\/uploads\/2012\/02\/Miembros-del-Task-Force-de-UPRA-2010-11.htm\" target=\"_blank\" rel=\"noopener\">Miembros del Task Force a\u00f1o acad\u00e9mico 2010-11<\/a><\/li>\n<li><a href=\"\/wp-content\/uploads\/2014\/08\/216633687-Monitoring-Report-Template-UNIT-St-4-2010.pdf\" target=\"_blank\" rel=\"noopener\">Monitoring Report Template Est\u00e1ndar 4 -2010<\/a><\/li>\n<\/ul>\n<\/td>\n<\/tr>\n<\/tbody>\n<\/table>\n<p>&nbsp;<\/p>\n<p>&nbsp;<\/p>\n","protected":false},"excerpt":{"rendered":"<p>&nbsp; Middle Staes Commission on Higher Education Licencia Consejo de Educaci\u00f3n de Puerto Rico (CEPR) 2023-116 Op\u00fasculo:\u00a0La Acreditaci\u00f3n Institucional y [&hellip;]<\/p>\n","protected":false},"author":4,"featured_media":0,"parent":0,"menu_order":5,"comment_status":"closed","ping_status":"closed","template":"","meta":{"site-sidebar-layout":"default","site-content-layout":"","ast-site-content-layout":"default","site-content-style":"default","site-sidebar-style":"default","ast-global-header-display":"","ast-banner-title-visibility":"","ast-main-header-display":"","ast-hfb-above-header-display":"","ast-hfb-below-header-display":"","ast-hfb-mobile-header-display":"","site-post-title":"","ast-breadcrumbs-content":"","ast-featured-img":"","footer-sml-layout":"","theme-transparent-header-meta":"default","adv-header-id-meta":"","stick-header-meta":"","header-above-stick-meta":"","header-main-stick-meta":"","header-below-stick-meta":"","astra-migrate-meta-layouts":"set","ast-page-background-enabled":"default","ast-page-background-meta":{"desktop":{"background-color":"var(--ast-global-color-5)","background-image":"","background-repeat":"repeat","background-position":"center center","background-size":"auto","background-attachment":"scroll","background-type":"","background-media":"","overlay-type":"","overlay-color":"","overlay-opacity":"","overlay-gradient":""},"tablet":{"background-color":"","background-image":"","background-repeat":"repeat","background-position":"center center","background-size":"auto","background-attachment":"scroll","background-type":"","background-media":"","overlay-type":"","overlay-color":"","overlay-opacity":"","overlay-gradient":""},"mobile":{"background-color":"","background-image":"","background-repeat":"repeat","background-position":"center center","background-size":"auto","background-attachment":"scroll","background-type":"","background-media":"","overlay-type":"","overlay-color":"","overlay-opacity":"","overlay-gradient":""}},"ast-content-background-meta":{"desktop":{"background-color":"var(--ast-global-color-4)","background-image":"","background-repeat":"repeat","background-position":"center center","background-size":"auto","background-attachment":"scroll","background-type":"","background-media":"","overlay-type":"","overlay-color":"","overlay-opacity":"","overlay-gradient":""},"tablet":{"background-color":"var(--ast-global-color-4)","background-image":"","background-repeat":"repeat","background-position":"center center","background-size":"auto","background-attachment":"scroll","background-type":"","background-media":"","overlay-type":"","overlay-color":"","overlay-opacity":"","overlay-gradient":""},"mobile":{"background-color":"var(--ast-global-color-4)","background-image":"","background-repeat":"repeat","background-position":"center center","background-size":"auto","background-attachment":"scroll","background-type":"","background-media":"","overlay-type":"","overlay-color":"","overlay-opacity":"","overlay-gradient":""}},"footnotes":""},"class_list":["post-18","page","type-page","status-publish","hentry"],"featured_image_src":"","featured_image_src_square":false,"rbea_author_info":{"display_name":"Acreditaci\u00f3n UPRA","author_link":"https:\/\/acreditacion.upra.edu\/?author=4"},"rbea_excerpt_info":"&nbsp; Middle Staes Commission on Higher Education Licencia Consejo de Educaci\u00f3n de Puerto Rico (CEPR) 2023-116 Op\u00fasculo:\u00a0La Acreditaci\u00f3n Institucional y [&hellip;]","_links":{"self":[{"href":"https:\/\/acreditacion.upra.edu\/index.php?rest_route=\/wp\/v2\/pages\/18","targetHints":{"allow":["GET"]}}],"collection":[{"href":"https:\/\/acreditacion.upra.edu\/index.php?rest_route=\/wp\/v2\/pages"}],"about":[{"href":"https:\/\/acreditacion.upra.edu\/index.php?rest_route=\/wp\/v2\/types\/page"}],"author":[{"embeddable":true,"href":"https:\/\/acreditacion.upra.edu\/index.php?rest_route=\/wp\/v2\/users\/4"}],"replies":[{"embeddable":true,"href":"https:\/\/acreditacion.upra.edu\/index.php?rest_route=%2Fwp%2Fv2%2Fcomments&post=18"}],"version-history":[{"count":70,"href":"https:\/\/acreditacion.upra.edu\/index.php?rest_route=\/wp\/v2\/pages\/18\/revisions"}],"predecessor-version":[{"id":1157,"href":"https:\/\/acreditacion.upra.edu\/index.php?rest_route=\/wp\/v2\/pages\/18\/revisions\/1157"}],"wp:attachment":[{"href":"https:\/\/acreditacion.upra.edu\/index.php?rest_route=%2Fwp%2Fv2%2Fmedia&parent=18"}],"curies":[{"name":"wp","href":"https:\/\/api.w.org\/{rel}","templated":true}]}}